{"id":843,"date":"2023-03-01T20:25:38","date_gmt":"2023-03-01T20:25:38","guid":{"rendered":"https:\/\/new-promopers.workof.domains\/?page_id=843"},"modified":"2023-03-01T20:25:38","modified_gmt":"2023-03-01T20:25:38","slug":"impressum","status":"publish","type":"page","link":"https:\/\/new-promopers.workof.domains\/en\/impressum\/","title":{"rendered":"<p>Impressum<\/p>"},"content":{"rendered":"<p>K<strong>ontakt-Adresse<\/strong><p>X-Tool Services (Schweiz) AG<br>R&uuml;tistrasse 12<br>8952 Schlieren<br>Schweiz<\/p><p>E-Mail:<br>info@promopers.com<\/p><p><strong>Vertretungsberechtigte Person(en)<\/strong><\/p><p>Fritz Feissli, Co-CEO &amp; CFO<br>Nicolas Purprua, Co-CEO &amp; IT<\/p><p><strong>Handelsregister-Eintrag<\/strong><\/p><p>Eingetragener Firmenname: X-Tool Services (Schweiz) AG<br>Handelsregister Nr: CHE-105.684.765<\/p><p><strong>Mehrwertsteuer-Nummer<\/strong><br>CHE-105.684.765 MWST<\/p><p><strong>Haftungsausschluss<\/strong><\/p><p>Der Autor &uuml;bernimmt keinerlei Gew&auml;hr hinsichtlich der inhaltlichen Richtigkeit, Genauigkeit, Aktualit&auml;t, Zuverl&auml;ssigkeit und Vollst&auml;ndigkeit der Informationen.<\/p><p>Haftungsanspr&uuml;che gegen den Autor wegen Sch&auml;den materieller oder immaterieller Art, welche aus dem Zugriff oder der Nutzung bzw. Nichtnutzung der ver&ouml;ffentlichten Informationen, durch Missbrauch der Verbindung oder durch technische St&ouml;rungen entstanden sind, werden ausgeschlossen.<\/p><p>Alle Angebote sind unverbindlich. Der Autor beh&auml;lt es sich ausdr&uuml;cklich vor, Teile der Seiten oder das gesamte Angebot ohne besondere Ank&uuml;ndigung zu ver&auml;ndern, zu erg&auml;nzen, zu l&ouml;schen oder die Ver&ouml;ffentlichung zeitweise oder endg&uuml;ltig einzustellen.<\/p><p><strong>Haftungsausschluss f&uuml;r Links<\/strong><\/p><p>Verweise und Links auf Webseiten Dritter liegen ausserhalb unseres Verantwortungsbereichs. Es wird jegliche Verantwortung f&uuml;r solche Webseiten abgelehnt. Der Zugriff und die Nutzung solcher Webseiten erfolgen auf eigene Gefahr des jeweiligen Nutzers.<\/p><p><strong>Urheberrechte<\/strong><\/p><p>Die Urheber- und alle anderen Rechte an Inhalten, Bildern, Fotos oder anderen Dateien auf dieser Website, geh&ouml;ren ausschliesslich <strong>der Firma X-Tool Services (Schweiz) AG<\/strong> oder den speziell genannten Rechteinhabern. F&uuml;r die Reproduktion jeglicher Elemente ist die schriftliche Zustimmung des Urheberrechtstr&auml;gers im Voraus einzuholen.<\/p><\/p>","protected":false},"excerpt":{"rendered":"<p>Kontakt-Adresse X-Tool Services (Schweiz) AGR&uuml;tistrasse 128952 SchlierenSchweiz E-Mail:info@promopers.com Vertretungsberechtigte Person(en) Fritz Feissli, Co-CEO &amp; CFONicolas Purprua, Co-CEO &amp; IT Handelsregister-Eintrag Eingetragener Firmenname: X-Tool Services (Schweiz) AGHandelsregister Nr: CHE-105.684.765 Mehrwertsteuer-NummerCHE-105.684.765 MWST Haftungsausschluss Der Autor &uuml;bernimmt keinerlei Gew&auml;hr hinsichtlich der inhaltlichen Richtigkeit, Genauigkeit, Aktualit&auml;t, Zuverl&auml;ssigkeit und Vollst&auml;ndigkeit der Informationen. Haftungsanspr&uuml;che gegen den Autor wegen Sch&auml;den materieller oder &hellip; <p class=\"link-more\"><a href=\"https:\/\/new-promopers.workof.domains\/en\/impressum\/\" class=\"more-link\">Continue reading<span class=\"screen-reader-text\"> &laquo;Impressum&raquo;<\/span><\/a><\/p><\/p>","protected":false},"author":1,"featured_media":0,"parent":0,"menu_order":0,"comment_status":"closed","ping_status":"closed","template":"","meta":[],"yoast_head":"<!-- This site is optimized with the Yoast SEO plugin v19.10 - https:\/\/yoast.com\/wordpress\/plugins\/seo\/ -->\n<title>Impressum - X-Tool Services (Schweiz) AG<\/title>\n<meta name=\"robots\" content=\"index, follow, max-snippet:-1, max-image-preview:large, max-video-preview:-1\" \/>\n<link rel=\"canonical\" href=\"https:\/\/new-promopers.workof.domains\/en\/impressum\/\" \/>\n<meta property=\"og:locale\" content=\"en_US\" \/>\n<meta property=\"og:type\" content=\"article\" \/>\n<meta property=\"og:title\" content=\"Impressum - X-Tool Services (Schweiz) AG\" \/>\n<meta property=\"og:description\" content=\"Kontakt-Adresse X-Tool Services (Schweiz) AGR\u00fctistrasse 128952 SchlierenSchweiz E-Mail:info@promopers.com Vertretungsberechtigte Person(en) Fritz Feissli, Co-CEO &amp; CFONicolas Purprua, Co-CEO &amp; IT Handelsregister-Eintrag Eingetragener Firmenname: X-Tool Services (Schweiz) AGHandelsregister Nr: CHE-105.684.765 Mehrwertsteuer-NummerCHE-105.684.765 MWST Haftungsausschluss Der Autor \u00fcbernimmt keinerlei Gew\u00e4hr hinsichtlich der inhaltlichen Richtigkeit, Genauigkeit, Aktualit\u00e4t, Zuverl\u00e4ssigkeit und Vollst\u00e4ndigkeit der Informationen. Haftungsanspr\u00fcche gegen den Autor wegen Sch\u00e4den materieller oder &hellip; Continue reading &quot;Impressum&quot;\" \/>\n<meta property=\"og:url\" content=\"https:\/\/new-promopers.workof.domains\/en\/impressum\/\" \/>\n<meta property=\"og:site_name\" content=\"X-Tool Services (Schweiz) AG\" \/>\n<meta property=\"article:publisher\" content=\"https:\/\/www.facebook.com\/promotionspersonal\/\" \/>\n<meta name=\"twitter:card\" content=\"summary_large_image\" \/>\n<meta name=\"twitter:label1\" content=\"Est. reading time\" \/>\n\t<meta name=\"twitter:data1\" content=\"1 minute\" \/>\n<script type=\"application\/ld+json\" class=\"yoast-schema-graph\">{\"@context\":\"https:\/\/schema.org\",\"@graph\":[{\"@type\":\"WebPage\",\"@id\":\"https:\/\/new-promopers.workof.domains\/impressum\/\",\"url\":\"https:\/\/new-promopers.workof.domains\/impressum\/\",\"name\":\"Impressum - X-Tool Services (Schweiz) AG\",\"isPartOf\":{\"@id\":\"https:\/\/new-promopers.workof.domains\/#website\"},\"datePublished\":\"2023-03-01T20:25:38+00:00\",\"dateModified\":\"2023-03-01T20:25:38+00:00\",\"breadcrumb\":{\"@id\":\"https:\/\/new-promopers.workof.domains\/impressum\/#breadcrumb\"},\"inLanguage\":\"en-US\",\"potentialAction\":[{\"@type\":\"ReadAction\",\"target\":[\"https:\/\/new-promopers.workof.domains\/impressum\/\"]}]},{\"@type\":\"BreadcrumbList\",\"@id\":\"https:\/\/new-promopers.workof.domains\/impressum\/#breadcrumb\",\"itemListElement\":[{\"@type\":\"ListItem\",\"position\":1,\"name\":\"Home\",\"item\":\"https:\/\/new-promopers.workof.domains\/\"},{\"@type\":\"ListItem\",\"position\":2,\"name\":\"Impressum\"}]},{\"@type\":\"WebSite\",\"@id\":\"https:\/\/new-promopers.workof.domains\/#website\",\"url\":\"https:\/\/new-promopers.workof.domains\/\",\"name\":\"X-Tool Services (Schweiz) AG\",\"description\":\"Staff Solutions since 1999\",\"publisher\":{\"@id\":\"https:\/\/new-promopers.workof.domains\/#organization\"},\"potentialAction\":[{\"@type\":\"SearchAction\",\"target\":{\"@type\":\"EntryPoint\",\"urlTemplate\":\"https:\/\/new-promopers.workof.domains\/?s={search_term_string}\"},\"query-input\":\"required name=search_term_string\"}],\"inLanguage\":\"en-US\"},{\"@type\":\"Organization\",\"@id\":\"https:\/\/new-promopers.workof.domains\/#organization\",\"name\":\"promoPers\",\"url\":\"https:\/\/new-promopers.workof.domains\/\",\"logo\":{\"@type\":\"ImageObject\",\"inLanguage\":\"en-US\",\"@id\":\"https:\/\/new-promopers.workof.domains\/#\/schema\/logo\/image\/\",\"url\":\"https:\/\/new-promopers.workof.domains\/wp-content\/uploads\/2022\/11\/logo.png\",\"contentUrl\":\"https:\/\/new-promopers.workof.domains\/wp-content\/uploads\/2022\/11\/logo.png\",\"width\":62,\"height\":80,\"caption\":\"promoPers\"},\"image\":{\"@id\":\"https:\/\/new-promopers.workof.domains\/#\/schema\/logo\/image\/\"},\"sameAs\":[\"https:\/\/www.facebook.com\/promotionspersonal\/\"]}]}<\/script>\n<!-- \/ Yoast SEO plugin. -->","yoast_head_json":{"title":"Impressum - X-Tool Services (Schweiz) AG","robots":{"index":"index","follow":"follow","max-snippet":"max-snippet:-1","max-image-preview":"max-image-preview:large","max-video-preview":"max-video-preview:-1"},"canonical":"https:\/\/new-promopers.workof.domains\/en\/impressum\/","og_locale":"en_US","og_type":"article","og_title":"Impressum - X-Tool Services (Schweiz) AG","og_description":"Kontakt-Adresse X-Tool Services (Schweiz) AGR\u00fctistrasse 128952 SchlierenSchweiz E-Mail:info@promopers.com Vertretungsberechtigte Person(en) Fritz Feissli, Co-CEO &amp; CFONicolas Purprua, Co-CEO &amp; IT Handelsregister-Eintrag Eingetragener Firmenname: X-Tool Services (Schweiz) AGHandelsregister Nr: CHE-105.684.765 Mehrwertsteuer-NummerCHE-105.684.765 MWST Haftungsausschluss Der Autor \u00fcbernimmt keinerlei Gew\u00e4hr hinsichtlich der inhaltlichen Richtigkeit, Genauigkeit, Aktualit\u00e4t, Zuverl\u00e4ssigkeit und Vollst\u00e4ndigkeit der Informationen. Haftungsanspr\u00fcche gegen den Autor wegen Sch\u00e4den materieller oder &hellip; Continue reading \"Impressum\"","og_url":"https:\/\/new-promopers.workof.domains\/en\/impressum\/","og_site_name":"X-Tool Services (Schweiz) AG","article_publisher":"https:\/\/www.facebook.com\/promotionspersonal\/","twitter_card":"summary_large_image","twitter_misc":{"Est. reading time":"1 minute"},"schema":{"@context":"https:\/\/schema.org","@graph":[{"@type":"WebPage","@id":"https:\/\/new-promopers.workof.domains\/impressum\/","url":"https:\/\/new-promopers.workof.domains\/impressum\/","name":"Impressum - X-Tool Services (Schweiz) AG","isPartOf":{"@id":"https:\/\/new-promopers.workof.domains\/#website"},"datePublished":"2023-03-01T20:25:38+00:00","dateModified":"2023-03-01T20:25:38+00:00","breadcrumb":{"@id":"https:\/\/new-promopers.workof.domains\/impressum\/#breadcrumb"},"inLanguage":"en-US","potentialAction":[{"@type":"ReadAction","target":["https:\/\/new-promopers.workof.domains\/impressum\/"]}]},{"@type":"BreadcrumbList","@id":"https:\/\/new-promopers.workof.domains\/impressum\/#breadcrumb","itemListElement":[{"@type":"ListItem","position":1,"name":"Home","item":"https:\/\/new-promopers.workof.domains\/"},{"@type":"ListItem","position":2,"name":"Impressum"}]},{"@type":"WebSite","@id":"https:\/\/new-promopers.workof.domains\/#website","url":"https:\/\/new-promopers.workof.domains\/","name":"X-Tool Services (Schweiz) AG","description":"Staff Solutions since 1999","publisher":{"@id":"https:\/\/new-promopers.workof.domains\/#organization"},"potentialAction":[{"@type":"SearchAction","target":{"@type":"EntryPoint","urlTemplate":"https:\/\/new-promopers.workof.domains\/?s={search_term_string}"},"query-input":"required name=search_term_string"}],"inLanguage":"en-US"},{"@type":"Organization","@id":"https:\/\/new-promopers.workof.domains\/#organization","name":"promoPers","url":"https:\/\/new-promopers.workof.domains\/","logo":{"@type":"ImageObject","inLanguage":"en-US","@id":"https:\/\/new-promopers.workof.domains\/#\/schema\/logo\/image\/","url":"https:\/\/new-promopers.workof.domains\/wp-content\/uploads\/2022\/11\/logo.png","contentUrl":"https:\/\/new-promopers.workof.domains\/wp-content\/uploads\/2022\/11\/logo.png","width":62,"height":80,"caption":"promoPers"},"image":{"@id":"https:\/\/new-promopers.workof.domains\/#\/schema\/logo\/image\/"},"sameAs":["https:\/\/www.facebook.com\/promotionspersonal\/"]}]}},"_links":{"self":[{"href":"https:\/\/new-promopers.workof.domains\/en\/wp-json\/wp\/v2\/pages\/843"}],"collection":[{"href":"https:\/\/new-promopers.workof.domains\/en\/wp-json\/wp\/v2\/pages"}],"about":[{"href":"https:\/\/new-promopers.workof.domains\/en\/wp-json\/wp\/v2\/types\/page"}],"author":[{"embeddable":true,"href":"https:\/\/new-promopers.workof.domains\/en\/wp-json\/wp\/v2\/users\/1"}],"replies":[{"embeddable":true,"href":"https:\/\/new-promopers.workof.domains\/en\/wp-json\/wp\/v2\/comments?post=843"}],"version-history":[{"count":1,"href":"https:\/\/new-promopers.workof.domains\/en\/wp-json\/wp\/v2\/pages\/843\/revisions"}],"predecessor-version":[{"id":844,"href":"https:\/\/new-promopers.workof.domains\/en\/wp-json\/wp\/v2\/pages\/843\/revisions\/844"}],"wp:attachment":[{"href":"https:\/\/new-promopers.workof.domains\/en\/wp-json\/wp\/v2\/media?parent=843"}],"curies":[{"name":"wp","href":"https:\/\/api.w.org\/{rel}","templated":true}]}}